{"id":12447,"date":"2024-12-23T01:09:45","date_gmt":"2024-12-23T00:09:45","guid":{"rendered":"https:\/\/collectionimmobiliere.com\/?page_id=12447"},"modified":"2024-12-25T15:58:08","modified_gmt":"2024-12-25T14:58:08","slug":"redirect-to-meet-our-partners","status":"publish","type":"page","link":"https:\/\/collectionimmobiliere.com\/en\/redirection-meet-nos-partenaires\/","title":{"rendered":"Redirect page for meeting our partners"},"content":{"rendered":"<div data-elementor-type=\"wp-page\" data-elementor-id=\"12447\" class=\"elementor elementor-12447\" data-elementor-post-type=\"page\">\n\t\t\t\t<div class=\"elementor-element elementor-element-3676557 e-flex e-con-boxed e-con e-parent\" data-id=\"3676557\" data-element_type=\"container\" data-e-type=\"container\" data-settings=\"{&quot;jet_parallax_layout_list&quot;:[]}\">\n\t\t\t\t\t<div class=\"e-con-inner\">\n\t\t\t\t<div class=\"elementor-element elementor-element-2ec2c49 elementor-widget elementor-widget-heading\" data-id=\"2ec2c49\" data-element_type=\"widget\" data-e-type=\"widget\" data-widget_type=\"heading.default\">\n\t\t\t\t\t<h2 class=\"elementor-heading-title elementor-size-default\">THANKS! <\/h2>\t\t\t\t<\/div>\n\t\t\t\t<div class=\"elementor-element elementor-element-01ac399 elementor-widget elementor-widget-text-editor\" data-id=\"01ac399\" data-element_type=\"widget\" data-e-type=\"widget\" data-widget_type=\"text-editor.default\">\n\t\t\t\t\t\t\t\t\t<p>Your appointment has been successfully scheduled. You will receive a confirmation email. If necessary, you can contact us at the following email address: info@services-collectionimmobiliere.com<\/p>\t\t\t\t\t\t\t\t<\/div>\n\t\t\t\t\t<\/div>\n\t\t\t\t<\/div>\n\t\t\t\t<\/div>","protected":false},"excerpt":{"rendered":"<p>Thank you! Your appointment has been successfully scheduled. You will receive a confirmation email. If needed, you can always contact us at the following email address: info@services-collectionimmobiliere.com<\/p>","protected":false},"author":1,"featured_media":0,"parent":0,"menu_order":0,"comment_status":"closed","ping_status":"closed","template":"elementor_header_footer","meta":{"footnotes":""},"class_list":["post-12447","page","type-page","status-publish","hentry"],"yoast_head":"<!-- This site is optimized with the Yoast SEO plugin v27.5 - https:\/\/yoast.com\/product\/yoast-seo-wordpress\/ -->\n<title>Page de redirection meeting nos partenaires - Collection Immobili\u00e8re<\/title>\n<meta name=\"robots\" content=\"index, follow, max-snippet:-1, max-image-preview:large, max-video-preview:-1\" \/>\n<link rel=\"canonical\" href=\"https:\/\/collectionimmobiliere.com\/en\/redirect-to-meet-our-partners\/\" \/>\n<meta property=\"og:locale\" content=\"en_US\" \/>\n<meta property=\"og:type\" content=\"article\" \/>\n<meta property=\"og:title\" content=\"Page de redirection meeting nos partenaires - Collection Immobili\u00e8re\" \/>\n<meta property=\"og:description\" content=\"Merci! Votre rendez-vous a \u00e9t\u00e9 c\u00e9dul\u00e9 avec succ\u00e8s. Vous recevrez un courriel de confirmation. Au besoin vous pouvez toujours communiquer avec nous au courriel suivant : info@services-collectionimmobiliere.com\" \/>\n<meta property=\"og:url\" content=\"https:\/\/collectionimmobiliere.com\/en\/redirect-to-meet-our-partners\/\" \/>\n<meta property=\"og:site_name\" content=\"Collection Immobili\u00e8re\" \/>\n<meta property=\"article:publisher\" content=\"https:\/\/www.facebook.com\/profile.php?id=61560608204872\" \/>\n<meta property=\"article:modified_time\" content=\"2024-12-25T14:58:08+00:00\" \/>\n<meta name=\"twitter:card\" content=\"summary_large_image\" \/>\n<script type=\"application\/ld+json\" class=\"yoast-schema-graph\">{\"@context\":\"https:\\\/\\\/schema.org\",\"@graph\":[{\"@type\":\"WebPage\",\"@id\":\"https:\\\/\\\/collectionimmobiliere.com\\\/redirection-meet-nos-partenaires\\\/\",\"url\":\"https:\\\/\\\/collectionimmobiliere.com\\\/redirection-meet-nos-partenaires\\\/\",\"name\":\"Page de redirection meeting nos partenaires - Collection Immobili\u00e8re\",\"isPartOf\":{\"@id\":\"https:\\\/\\\/collectionimmobiliere.com\\\/#website\"},\"datePublished\":\"2024-12-23T00:09:45+00:00\",\"dateModified\":\"2024-12-25T14:58:08+00:00\",\"breadcrumb\":{\"@id\":\"https:\\\/\\\/collectionimmobiliere.com\\\/redirection-meet-nos-partenaires\\\/#breadcrumb\"},\"inLanguage\":\"en-CA\",\"potentialAction\":[{\"@type\":\"ReadAction\",\"target\":[\"https:\\\/\\\/collectionimmobiliere.com\\\/redirection-meet-nos-partenaires\\\/\"]}]},{\"@type\":\"BreadcrumbList\",\"@id\":\"https:\\\/\\\/collectionimmobiliere.com\\\/redirection-meet-nos-partenaires\\\/#breadcrumb\",\"itemListElement\":[{\"@type\":\"ListItem\",\"position\":1,\"name\":\"Home\",\"item\":\"https:\\\/\\\/collectionimmobiliere.com\\\/\"},{\"@type\":\"ListItem\",\"position\":2,\"name\":\"Page de redirection meeting nos partenaires\"}]},{\"@type\":\"WebSite\",\"@id\":\"https:\\\/\\\/collectionimmobiliere.com\\\/#website\",\"url\":\"https:\\\/\\\/collectionimmobiliere.com\\\/\",\"name\":\"Collection Immobili\u00e8re\",\"description\":\"L&#039;immobilier simplement expliqu\u00e9\",\"publisher\":{\"@id\":\"https:\\\/\\\/collectionimmobiliere.com\\\/#organization\"},\"potentialAction\":[{\"@type\":\"SearchAction\",\"target\":{\"@type\":\"EntryPoint\",\"urlTemplate\":\"https:\\\/\\\/collectionimmobiliere.com\\\/?s={search_term_string}\"},\"query-input\":{\"@type\":\"PropertyValueSpecification\",\"valueRequired\":true,\"valueName\":\"search_term_string\"}}],\"inLanguage\":\"en-CA\"},{\"@type\":\"Organization\",\"@id\":\"https:\\\/\\\/collectionimmobiliere.com\\\/#organization\",\"name\":\"Collection immobili\u00e8re\",\"url\":\"https:\\\/\\\/collectionimmobiliere.com\\\/\",\"logo\":{\"@type\":\"ImageObject\",\"inLanguage\":\"en-CA\",\"@id\":\"https:\\\/\\\/collectionimmobiliere.com\\\/#\\\/schema\\\/logo\\\/image\\\/\",\"url\":\"https:\\\/\\\/collectionimmobiliere.com\\\/wp-content\\\/uploads\\\/2022\\\/05\\\/Logo.png\",\"contentUrl\":\"https:\\\/\\\/collectionimmobiliere.com\\\/wp-content\\\/uploads\\\/2022\\\/05\\\/Logo.png\",\"width\":150,\"height\":150,\"caption\":\"Collection immobili\u00e8re\"},\"image\":{\"@id\":\"https:\\\/\\\/collectionimmobiliere.com\\\/#\\\/schema\\\/logo\\\/image\\\/\"},\"sameAs\":[\"https:\\\/\\\/www.facebook.com\\\/profile.php?id=61560608204872\",\"https:\\\/\\\/ca.pinterest.com\\\/CollectionImmobiliere\\\/\",\"https:\\\/\\\/www.instagram.com\\\/collectionimmobiliere\\\/\",\"https:\\\/\\\/www.linkedin.com\\\/company\\\/105178697\\\/\"]}]}<\/script>\n<!-- \/ Yoast SEO plugin. -->","yoast_head_json":{"title":"Redirect page for meeting our partners - Real Estate Collection","robots":{"index":"index","follow":"follow","max-snippet":"max-snippet:-1","max-image-preview":"max-image-preview:large","max-video-preview":"max-video-preview:-1"},"canonical":"https:\/\/collectionimmobiliere.com\/en\/redirect-to-meet-our-partners\/","og_locale":"en_US","og_type":"article","og_title":"Page de redirection meeting nos partenaires - Collection Immobili\u00e8re","og_description":"Merci! Votre rendez-vous a \u00e9t\u00e9 c\u00e9dul\u00e9 avec succ\u00e8s. Vous recevrez un courriel de confirmation. Au besoin vous pouvez toujours communiquer avec nous au courriel suivant : info@services-collectionimmobiliere.com","og_url":"https:\/\/collectionimmobiliere.com\/en\/redirect-to-meet-our-partners\/","og_site_name":"Collection Immobili\u00e8re","article_publisher":"https:\/\/www.facebook.com\/profile.php?id=61560608204872","article_modified_time":"2024-12-25T14:58:08+00:00","twitter_card":"summary_large_image","schema":{"@context":"https:\/\/schema.org","@graph":[{"@type":"WebPage","@id":"https:\/\/collectionimmobiliere.com\/redirection-meet-nos-partenaires\/","url":"https:\/\/collectionimmobiliere.com\/redirection-meet-nos-partenaires\/","name":"Redirect page for meeting our partners - Real Estate Collection","isPartOf":{"@id":"https:\/\/collectionimmobiliere.com\/#website"},"datePublished":"2024-12-23T00:09:45+00:00","dateModified":"2024-12-25T14:58:08+00:00","breadcrumb":{"@id":"https:\/\/collectionimmobiliere.com\/redirection-meet-nos-partenaires\/#breadcrumb"},"inLanguage":"en-CA","potentialAction":[{"@type":"ReadAction","target":["https:\/\/collectionimmobiliere.com\/redirection-meet-nos-partenaires\/"]}]},{"@type":"BreadcrumbList","@id":"https:\/\/collectionimmobiliere.com\/redirection-meet-nos-partenaires\/#breadcrumb","itemListElement":[{"@type":"ListItem","position":1,"name":"Home","item":"https:\/\/collectionimmobiliere.com\/"},{"@type":"ListItem","position":2,"name":"Page de redirection meeting nos partenaires"}]},{"@type":"WebSite","@id":"https:\/\/collectionimmobiliere.com\/#website","url":"https:\/\/collectionimmobiliere.com\/","name":"Collection Immobili\u00e8re","description":"Real Estate Simply Explained","publisher":{"@id":"https:\/\/collectionimmobiliere.com\/#organization"},"potentialAction":[{"@type":"SearchAction","target":{"@type":"EntryPoint","urlTemplate":"https:\/\/collectionimmobiliere.com\/?s={search_term_string}"},"query-input":{"@type":"PropertyValueSpecification","valueRequired":true,"valueName":"search_term_string"}}],"inLanguage":"en-CA"},{"@type":"Organization","@id":"https:\/\/collectionimmobiliere.com\/#organization","name":"Real estate collection","url":"https:\/\/collectionimmobiliere.com\/","logo":{"@type":"ImageObject","inLanguage":"en-CA","@id":"https:\/\/collectionimmobiliere.com\/#\/schema\/logo\/image\/","url":"https:\/\/collectionimmobiliere.com\/wp-content\/uploads\/2022\/05\/Logo.png","contentUrl":"https:\/\/collectionimmobiliere.com\/wp-content\/uploads\/2022\/05\/Logo.png","width":150,"height":150,"caption":"Collection immobili\u00e8re"},"image":{"@id":"https:\/\/collectionimmobiliere.com\/#\/schema\/logo\/image\/"},"sameAs":["https:\/\/www.facebook.com\/profile.php?id=61560608204872","https:\/\/ca.pinterest.com\/CollectionImmobiliere\/","https:\/\/www.instagram.com\/collectionimmobiliere\/","https:\/\/www.linkedin.com\/company\/105178697\/"]}]}},"_links":{"self":[{"href":"https:\/\/collectionimmobiliere.com\/en\/wp-json\/wp\/v2\/pages\/12447","targetHints":{"allow":["GET"]}}],"collection":[{"href":"https:\/\/collectionimmobiliere.com\/en\/wp-json\/wp\/v2\/pages"}],"about":[{"href":"https:\/\/collectionimmobiliere.com\/en\/wp-json\/wp\/v2\/types\/page"}],"author":[{"embeddable":true,"href":"https:\/\/collectionimmobiliere.com\/en\/wp-json\/wp\/v2\/users\/1"}],"replies":[{"embeddable":true,"href":"https:\/\/collectionimmobiliere.com\/en\/wp-json\/wp\/v2\/comments?post=12447"}],"version-history":[{"count":0,"href":"https:\/\/collectionimmobiliere.com\/en\/wp-json\/wp\/v2\/pages\/12447\/revisions"}],"wp:attachment":[{"href":"https:\/\/collectionimmobiliere.com\/en\/wp-json\/wp\/v2\/media?parent=12447"}],"curies":[{"name":"wp","href":"https:\/\/api.w.org\/{rel}","templated":true}]}}