{"id":13433,"date":"2025-03-22T08:47:54","date_gmt":"2025-03-22T13:47:54","guid":{"rendered":"https:\/\/collectionimmobiliere.com\/?page_id=13433"},"modified":"2025-03-22T09:21:48","modified_gmt":"2025-03-22T14:21:48","slug":"thank-you-for-subscribing-to-the-newsletter","status":"publish","type":"page","link":"https:\/\/collectionimmobiliere.com\/en\/merci-de-vous-etes-abonne-linfolettre\/","title":{"rendered":"Thank you for subscribing to the newsletter."},"content":{"rendered":"<div data-elementor-type=\"wp-page\" data-elementor-id=\"13433\" class=\"elementor elementor-13433\" data-elementor-post-type=\"page\">\n\t\t\t\t<div class=\"elementor-element elementor-element-b86c8ef e-flex e-con-boxed e-con e-parent\" data-id=\"b86c8ef\" data-element_type=\"container\" data-e-type=\"container\" data-settings=\"{&quot;jet_parallax_layout_list&quot;:[]}\">\n\t\t\t\t\t<div class=\"e-con-inner\">\n\t\t\t\t<div class=\"elementor-element elementor-element-1d5478a elementor-widget elementor-widget-heading\" data-id=\"1d5478a\" data-element_type=\"widget\" data-e-type=\"widget\" data-widget_type=\"heading.default\">\n\t\t\t\t\t<h2 class=\"elementor-heading-title elementor-size-default\">Thank you for your registration!<\/h2>\t\t\t\t<\/div>\n\t\t\t\t\t<\/div>\n\t\t\t\t<\/div>\n\t\t<div class=\"elementor-element elementor-element-5460481 e-flex e-con-boxed e-con e-parent\" data-id=\"5460481\" data-element_type=\"container\" data-e-type=\"container\" data-settings=\"{&quot;jet_parallax_layout_list&quot;:[]}\">\n\t\t\t\t\t<div class=\"e-con-inner\">\n\t\t\t\t<div class=\"elementor-element elementor-element-2678c24 elementor-widget elementor-widget-text-editor\" data-id=\"2678c24\" data-element_type=\"widget\" data-e-type=\"widget\" data-widget_type=\"text-editor.default\">\n\t\t\t\t\t\t\t\t\t<p class=\"\" data-start=\"185\" data-end=\"398\">You will soon receive a confirmation email with a link to validate your address. Simply click on this link to complete your subscription to our newsletter.<\/p><p class=\"\" data-start=\"400\" data-end=\"523\"><em data-start=\"400\" data-end=\"520\">Quick tip: Check your spam folder in case the message ended up there.<\/em> \ud83d\ude0a<\/p><p data-start=\"400\" data-end=\"523\">\u00a0<\/p><p data-start=\"400\" data-end=\"523\">For any questions you can contact our team at the following email address:\u00a0<\/p><p data-start=\"400\" data-end=\"523\"><a href=\"mailto:info@collectionimmobiliere.com\">info@collectionimmobiliere.com<\/a><\/p>\t\t\t\t\t\t\t\t<\/div>\n\t\t\t\t\t<\/div>\n\t\t\t\t<\/div>\n\t\t\t\t<\/div>","protected":false},"excerpt":{"rendered":"<p>Merci pour votre inscription ! Vous recevrez bient\u00f4t un courriel de confirmation avec un lien pour valider votre adresse. Il suffit de cliquer sur ce lien pour finaliser votre inscription \u00e0 notre infolettre. Petit conseil : jetez un coup d\u2019\u0153il \u00e0 votre dossier de courriels ind\u00e9sirables, au cas o\u00f9 le message s\u2019y serait gliss\u00e9. \ud83d\ude0a [&hellip;]<\/p>\n","protected":false},"author":1,"featured_media":0,"parent":0,"menu_order":0,"comment_status":"closed","ping_status":"closed","template":"elementor_header_footer","meta":{"footnotes":""},"class_list":["post-13433","page","type-page","status-publish","hentry"],"yoast_head":"<!-- This site is optimized with the Yoast SEO plugin v27.5 - https:\/\/yoast.com\/product\/yoast-seo-wordpress\/ -->\n<title>Merci de vous \u00eates abonn\u00e9 l&#039;infolettre - Collection Immobili\u00e8re<\/title>\n<meta name=\"robots\" content=\"index, follow, max-snippet:-1, max-image-preview:large, max-video-preview:-1\" \/>\n<link rel=\"canonical\" href=\"https:\/\/collectionimmobiliere.com\/en\/thank-you-for-subscribing-to-the-newsletter\/\" \/>\n<meta property=\"og:locale\" content=\"en_US\" \/>\n<meta property=\"og:type\" content=\"article\" \/>\n<meta property=\"og:title\" content=\"Merci de vous \u00eates abonn\u00e9 l&#039;infolettre - Collection Immobili\u00e8re\" \/>\n<meta property=\"og:description\" content=\"Merci pour votre inscription ! Vous recevrez bient\u00f4t un courriel de confirmation avec un lien pour valider votre adresse. Il suffit de cliquer sur ce lien pour finaliser votre inscription \u00e0 notre infolettre. Petit conseil : jetez un coup d\u2019\u0153il \u00e0 votre dossier de courriels ind\u00e9sirables, au cas o\u00f9 le message s\u2019y serait gliss\u00e9. \ud83d\ude0a [&hellip;]\" \/>\n<meta property=\"og:url\" content=\"https:\/\/collectionimmobiliere.com\/en\/thank-you-for-subscribing-to-the-newsletter\/\" \/>\n<meta property=\"og:site_name\" content=\"Collection Immobili\u00e8re\" \/>\n<meta property=\"article:publisher\" content=\"https:\/\/www.facebook.com\/profile.php?id=61560608204872\" \/>\n<meta property=\"article:modified_time\" content=\"2025-03-22T14:21:48+00:00\" \/>\n<meta name=\"twitter:card\" content=\"summary_large_image\" \/>\n<meta name=\"twitter:label1\" content=\"Est. reading time\" \/>\n\t<meta name=\"twitter:data1\" content=\"1 minute\" \/>\n<script type=\"application\/ld+json\" class=\"yoast-schema-graph\">{\"@context\":\"https:\\\/\\\/schema.org\",\"@graph\":[{\"@type\":\"WebPage\",\"@id\":\"https:\\\/\\\/collectionimmobiliere.com\\\/merci-de-vous-etes-abonne-linfolettre\\\/\",\"url\":\"https:\\\/\\\/collectionimmobiliere.com\\\/merci-de-vous-etes-abonne-linfolettre\\\/\",\"name\":\"Merci de vous \u00eates abonn\u00e9 l'infolettre - Collection Immobili\u00e8re\",\"isPartOf\":{\"@id\":\"https:\\\/\\\/collectionimmobiliere.com\\\/#website\"},\"datePublished\":\"2025-03-22T13:47:54+00:00\",\"dateModified\":\"2025-03-22T14:21:48+00:00\",\"breadcrumb\":{\"@id\":\"https:\\\/\\\/collectionimmobiliere.com\\\/merci-de-vous-etes-abonne-linfolettre\\\/#breadcrumb\"},\"inLanguage\":\"en-CA\",\"potentialAction\":[{\"@type\":\"ReadAction\",\"target\":[\"https:\\\/\\\/collectionimmobiliere.com\\\/merci-de-vous-etes-abonne-linfolettre\\\/\"]}]},{\"@type\":\"BreadcrumbList\",\"@id\":\"https:\\\/\\\/collectionimmobiliere.com\\\/merci-de-vous-etes-abonne-linfolettre\\\/#breadcrumb\",\"itemListElement\":[{\"@type\":\"ListItem\",\"position\":1,\"name\":\"Home\",\"item\":\"https:\\\/\\\/collectionimmobiliere.com\\\/\"},{\"@type\":\"ListItem\",\"position\":2,\"name\":\"Merci de vous \u00eates abonn\u00e9 l&rsquo;infolettre\"}]},{\"@type\":\"WebSite\",\"@id\":\"https:\\\/\\\/collectionimmobiliere.com\\\/#website\",\"url\":\"https:\\\/\\\/collectionimmobiliere.com\\\/\",\"name\":\"Collection Immobili\u00e8re\",\"description\":\"L&#039;immobilier simplement expliqu\u00e9\",\"publisher\":{\"@id\":\"https:\\\/\\\/collectionimmobiliere.com\\\/#organization\"},\"potentialAction\":[{\"@type\":\"SearchAction\",\"target\":{\"@type\":\"EntryPoint\",\"urlTemplate\":\"https:\\\/\\\/collectionimmobiliere.com\\\/?s={search_term_string}\"},\"query-input\":{\"@type\":\"PropertyValueSpecification\",\"valueRequired\":true,\"valueName\":\"search_term_string\"}}],\"inLanguage\":\"en-CA\"},{\"@type\":\"Organization\",\"@id\":\"https:\\\/\\\/collectionimmobiliere.com\\\/#organization\",\"name\":\"Collection immobili\u00e8re\",\"url\":\"https:\\\/\\\/collectionimmobiliere.com\\\/\",\"logo\":{\"@type\":\"ImageObject\",\"inLanguage\":\"en-CA\",\"@id\":\"https:\\\/\\\/collectionimmobiliere.com\\\/#\\\/schema\\\/logo\\\/image\\\/\",\"url\":\"https:\\\/\\\/collectionimmobiliere.com\\\/wp-content\\\/uploads\\\/2022\\\/05\\\/Logo.png\",\"contentUrl\":\"https:\\\/\\\/collectionimmobiliere.com\\\/wp-content\\\/uploads\\\/2022\\\/05\\\/Logo.png\",\"width\":150,\"height\":150,\"caption\":\"Collection immobili\u00e8re\"},\"image\":{\"@id\":\"https:\\\/\\\/collectionimmobiliere.com\\\/#\\\/schema\\\/logo\\\/image\\\/\"},\"sameAs\":[\"https:\\\/\\\/www.facebook.com\\\/profile.php?id=61560608204872\",\"https:\\\/\\\/ca.pinterest.com\\\/CollectionImmobiliere\\\/\",\"https:\\\/\\\/www.instagram.com\\\/collectionimmobiliere\\\/\",\"https:\\\/\\\/www.linkedin.com\\\/company\\\/105178697\\\/\"]}]}<\/script>\n<!-- \/ Yoast SEO plugin. -->","yoast_head_json":{"title":"Thank you for subscribing to the newsletter - Real Estate Collection","robots":{"index":"index","follow":"follow","max-snippet":"max-snippet:-1","max-image-preview":"max-image-preview:large","max-video-preview":"max-video-preview:-1"},"canonical":"https:\/\/collectionimmobiliere.com\/en\/thank-you-for-subscribing-to-the-newsletter\/","og_locale":"en_US","og_type":"article","og_title":"Merci de vous \u00eates abonn\u00e9 l'infolettre - Collection Immobili\u00e8re","og_description":"Merci pour votre inscription ! Vous recevrez bient\u00f4t un courriel de confirmation avec un lien pour valider votre adresse. Il suffit de cliquer sur ce lien pour finaliser votre inscription \u00e0 notre infolettre. Petit conseil : jetez un coup d\u2019\u0153il \u00e0 votre dossier de courriels ind\u00e9sirables, au cas o\u00f9 le message s\u2019y serait gliss\u00e9. \ud83d\ude0a [&hellip;]","og_url":"https:\/\/collectionimmobiliere.com\/en\/thank-you-for-subscribing-to-the-newsletter\/","og_site_name":"Collection Immobili\u00e8re","article_publisher":"https:\/\/www.facebook.com\/profile.php?id=61560608204872","article_modified_time":"2025-03-22T14:21:48+00:00","twitter_card":"summary_large_image","twitter_misc":{"Est. reading time":"1 minute"},"schema":{"@context":"https:\/\/schema.org","@graph":[{"@type":"WebPage","@id":"https:\/\/collectionimmobiliere.com\/merci-de-vous-etes-abonne-linfolettre\/","url":"https:\/\/collectionimmobiliere.com\/merci-de-vous-etes-abonne-linfolettre\/","name":"Thank you for subscribing to the newsletter - Real Estate Collection","isPartOf":{"@id":"https:\/\/collectionimmobiliere.com\/#website"},"datePublished":"2025-03-22T13:47:54+00:00","dateModified":"2025-03-22T14:21:48+00:00","breadcrumb":{"@id":"https:\/\/collectionimmobiliere.com\/merci-de-vous-etes-abonne-linfolettre\/#breadcrumb"},"inLanguage":"en-CA","potentialAction":[{"@type":"ReadAction","target":["https:\/\/collectionimmobiliere.com\/merci-de-vous-etes-abonne-linfolettre\/"]}]},{"@type":"BreadcrumbList","@id":"https:\/\/collectionimmobiliere.com\/merci-de-vous-etes-abonne-linfolettre\/#breadcrumb","itemListElement":[{"@type":"ListItem","position":1,"name":"Home","item":"https:\/\/collectionimmobiliere.com\/"},{"@type":"ListItem","position":2,"name":"Merci de vous \u00eates abonn\u00e9 l&rsquo;infolettre"}]},{"@type":"WebSite","@id":"https:\/\/collectionimmobiliere.com\/#website","url":"https:\/\/collectionimmobiliere.com\/","name":"Collection Immobili\u00e8re","description":"Real Estate Simply Explained","publisher":{"@id":"https:\/\/collectionimmobiliere.com\/#organization"},"potentialAction":[{"@type":"SearchAction","target":{"@type":"EntryPoint","urlTemplate":"https:\/\/collectionimmobiliere.com\/?s={search_term_string}"},"query-input":{"@type":"PropertyValueSpecification","valueRequired":true,"valueName":"search_term_string"}}],"inLanguage":"en-CA"},{"@type":"Organization","@id":"https:\/\/collectionimmobiliere.com\/#organization","name":"Real estate collection","url":"https:\/\/collectionimmobiliere.com\/","logo":{"@type":"ImageObject","inLanguage":"en-CA","@id":"https:\/\/collectionimmobiliere.com\/#\/schema\/logo\/image\/","url":"https:\/\/collectionimmobiliere.com\/wp-content\/uploads\/2022\/05\/Logo.png","contentUrl":"https:\/\/collectionimmobiliere.com\/wp-content\/uploads\/2022\/05\/Logo.png","width":150,"height":150,"caption":"Collection immobili\u00e8re"},"image":{"@id":"https:\/\/collectionimmobiliere.com\/#\/schema\/logo\/image\/"},"sameAs":["https:\/\/www.facebook.com\/profile.php?id=61560608204872","https:\/\/ca.pinterest.com\/CollectionImmobiliere\/","https:\/\/www.instagram.com\/collectionimmobiliere\/","https:\/\/www.linkedin.com\/company\/105178697\/"]}]}},"_links":{"self":[{"href":"https:\/\/collectionimmobiliere.com\/en\/wp-json\/wp\/v2\/pages\/13433","targetHints":{"allow":["GET"]}}],"collection":[{"href":"https:\/\/collectionimmobiliere.com\/en\/wp-json\/wp\/v2\/pages"}],"about":[{"href":"https:\/\/collectionimmobiliere.com\/en\/wp-json\/wp\/v2\/types\/page"}],"author":[{"embeddable":true,"href":"https:\/\/collectionimmobiliere.com\/en\/wp-json\/wp\/v2\/users\/1"}],"replies":[{"embeddable":true,"href":"https:\/\/collectionimmobiliere.com\/en\/wp-json\/wp\/v2\/comments?post=13433"}],"version-history":[{"count":0,"href":"https:\/\/collectionimmobiliere.com\/en\/wp-json\/wp\/v2\/pages\/13433\/revisions"}],"wp:attachment":[{"href":"https:\/\/collectionimmobiliere.com\/en\/wp-json\/wp\/v2\/media?parent=13433"}],"curies":[{"name":"wp","href":"https:\/\/api.w.org\/{rel}","templated":true}]}}