{"id":14317,"date":"2025-05-04T07:39:34","date_gmt":"2025-05-04T12:39:34","guid":{"rendered":"https:\/\/collectionimmobiliere.com\/?page_id=14317"},"modified":"2026-01-06T12:54:05","modified_gmt":"2026-01-06T17:54:05","slug":"thank-you-for-your-trust","status":"publish","type":"page","link":"https:\/\/collectionimmobiliere.com\/en\/merci-pour-votre-confiance\/","title":{"rendered":"Thank you for your trust."},"content":{"rendered":"<div data-elementor-type=\"wp-page\" data-elementor-id=\"14317\" class=\"elementor elementor-14317\" data-elementor-post-type=\"page\">\n\t\t\t\t<div class=\"elementor-element elementor-element-4f9bd4e e-flex e-con-boxed e-con e-parent\" data-id=\"4f9bd4e\" data-element_type=\"container\" data-e-type=\"container\" data-settings=\"{&quot;jet_parallax_layout_list&quot;:[]}\">\n\t\t\t\t\t<div class=\"e-con-inner\">\n\t\t\t\t<div class=\"elementor-element elementor-element-2512d48 elementor-widget elementor-widget-html\" data-id=\"2512d48\" data-element_type=\"widget\" data-e-type=\"widget\" data-widget_type=\"html.default\">\n\t\t\t\t\t<script>\r\ndocument.addEventListener('DOMContentLoaded', function () {\r\n  var ref = document.referrer.toLowerCase();\r\n\r\n  if (\r\n    ref.includes('\/en\/') ||\r\n    ref.includes('zf_lang=en') ||\r\n    ref.includes('thank-you') \/\/ s\u00e9curit\u00e9 suppl\u00e9mentaire\r\n  ) {\r\n    window.location.replace(\r\n      'https:\/\/collectionimmobiliere.com\/en\/thank-you-for-your-trust\/'\r\n    );\r\n  }\r\n});\r\n<\/script>\t\t\t\t<\/div>\n\t\t\t\t\t<\/div>\n\t\t\t\t<\/div>\n\t\t<div class=\"elementor-element elementor-element-b86c8ef e-flex e-con-boxed e-con e-parent\" data-id=\"b86c8ef\" data-element_type=\"container\" data-e-type=\"container\" data-settings=\"{&quot;jet_parallax_layout_list&quot;:[]}\">\n\t\t\t\t\t<div class=\"e-con-inner\">\n\t\t\t\t<div class=\"elementor-element elementor-element-1d5478a elementor-widget elementor-widget-heading\" data-id=\"1d5478a\" data-element_type=\"widget\" data-e-type=\"widget\" data-widget_type=\"heading.default\">\n\t\t\t\t\t<h2 class=\"elementor-heading-title elementor-size-default\">Thank you for your trust!\u00a0<\/h2>\t\t\t\t<\/div>\n\t\t\t\t\t<\/div>\n\t\t\t\t<\/div>\n\t\t<div class=\"elementor-element elementor-element-5460481 e-flex e-con-boxed e-con e-parent\" data-id=\"5460481\" data-element_type=\"container\" data-e-type=\"container\" data-settings=\"{&quot;jet_parallax_layout_list&quot;:[]}\">\n\t\t\t\t\t<div class=\"e-con-inner\">\n\t\t\t\t<div class=\"elementor-element elementor-element-2678c24 elementor-widget elementor-widget-text-editor\" data-id=\"2678c24\" data-element_type=\"widget\" data-e-type=\"widget\" data-widget_type=\"text-editor.default\">\n\t\t\t\t\t\t\t\t\t<p class=\"\" data-start=\"183\" data-end=\"367\">We will contact you soon!<\/p>\t\t\t\t\t\t\t\t<\/div>\n\t\t\t\t<div class=\"elementor-element elementor-element-60ad0f0 elementor-widget elementor-widget-text-editor\" data-id=\"60ad0f0\" data-element_type=\"widget\" data-e-type=\"widget\" data-widget_type=\"text-editor.default\">\n\t\t\t\t\t\t\t\t\t<h3 class=\"\" data-start=\"1109\" data-end=\"1144\">\ud83d\udcec What&#039;s happening now:<\/h3><p data-start=\"47\" data-end=\"232\">We will contact you within <strong data-start=\"141\" data-end=\"159\">24 to 48 hours<\/strong> to discuss your project and support you in the next steps.<\/p><p data-start=\"234\" data-end=\"347\">In the meantime, keep an eye on your email inbox (and your <strong data-start=\"291\" data-end=\"317\">spam<\/strong>, just in case!).<\/p><p data-start=\"234\" data-end=\"347\">See you soon!<\/p>\t\t\t\t\t\t\t\t<\/div>\n\t\t\t\t\t<\/div>\n\t\t\t\t<\/div>\n\t\t\t\t<\/div>","protected":false},"excerpt":{"rendered":"<p>Merci pour votre confiance!\u00a0 On communiquera avec toi rapidement! \ud83d\udcec Ce qui se passe maintenant : On te contact dans les 24 \u00e0 48 heures pour discuter de ton projet et t&rsquo;accompagner dans les prochaines \u00e9tapes. En attendant, garde un \u0153il sur ta bo\u00eete courriel (et tes courriels ind\u00e9sirables, au cas o\u00f9!). \u00c0 tr\u00e8s bient\u00f4t!<\/p>","protected":false},"author":1,"featured_media":0,"parent":0,"menu_order":0,"comment_status":"closed","ping_status":"closed","template":"elementor_header_footer","meta":{"footnotes":""},"class_list":["post-14317","page","type-page","status-publish","hentry"],"yoast_head":"<!-- This site is optimized with the Yoast SEO plugin v27.5 - https:\/\/yoast.com\/product\/yoast-seo-wordpress\/ -->\n<title>Merci pour votre confiance - Collection Immobili\u00e8re<\/title>\n<meta name=\"robots\" content=\"index, follow, max-snippet:-1, max-image-preview:large, max-video-preview:-1\" \/>\n<link rel=\"canonical\" href=\"https:\/\/collectionimmobiliere.com\/en\/thank-you-for-your-trust\/\" \/>\n<meta property=\"og:locale\" content=\"en_US\" \/>\n<meta property=\"og:type\" content=\"article\" \/>\n<meta property=\"og:title\" content=\"Merci pour votre confiance - Collection Immobili\u00e8re\" \/>\n<meta property=\"og:description\" content=\"Merci pour votre confiance!\u00a0 On communiquera avec toi rapidement! \ud83d\udcec Ce qui se passe maintenant : On te contact dans les 24 \u00e0 48 heures pour discuter de ton projet et t&rsquo;accompagner dans les prochaines \u00e9tapes. En attendant, garde un \u0153il sur ta bo\u00eete courriel (et tes courriels ind\u00e9sirables, au cas o\u00f9!). \u00c0 tr\u00e8s bient\u00f4t!\" \/>\n<meta property=\"og:url\" content=\"https:\/\/collectionimmobiliere.com\/en\/thank-you-for-your-trust\/\" \/>\n<meta property=\"og:site_name\" content=\"Collection Immobili\u00e8re\" \/>\n<meta property=\"article:publisher\" content=\"https:\/\/www.facebook.com\/profile.php?id=61560608204872\" \/>\n<meta property=\"article:modified_time\" content=\"2026-01-06T17:54:05+00:00\" \/>\n<meta name=\"twitter:card\" content=\"summary_large_image\" \/>\n<meta name=\"twitter:label1\" content=\"Est. reading time\" \/>\n\t<meta name=\"twitter:data1\" content=\"1 minute\" \/>\n<script type=\"application\/ld+json\" class=\"yoast-schema-graph\">{\"@context\":\"https:\\\/\\\/schema.org\",\"@graph\":[{\"@type\":\"WebPage\",\"@id\":\"https:\\\/\\\/collectionimmobiliere.com\\\/merci-pour-votre-confiance\\\/\",\"url\":\"https:\\\/\\\/collectionimmobiliere.com\\\/merci-pour-votre-confiance\\\/\",\"name\":\"Merci pour votre confiance - Collection Immobili\u00e8re\",\"isPartOf\":{\"@id\":\"https:\\\/\\\/collectionimmobiliere.com\\\/#website\"},\"datePublished\":\"2025-05-04T12:39:34+00:00\",\"dateModified\":\"2026-01-06T17:54:05+00:00\",\"breadcrumb\":{\"@id\":\"https:\\\/\\\/collectionimmobiliere.com\\\/merci-pour-votre-confiance\\\/#breadcrumb\"},\"inLanguage\":\"en-CA\",\"potentialAction\":[{\"@type\":\"ReadAction\",\"target\":[\"https:\\\/\\\/collectionimmobiliere.com\\\/merci-pour-votre-confiance\\\/\"]}]},{\"@type\":\"BreadcrumbList\",\"@id\":\"https:\\\/\\\/collectionimmobiliere.com\\\/merci-pour-votre-confiance\\\/#breadcrumb\",\"itemListElement\":[{\"@type\":\"ListItem\",\"position\":1,\"name\":\"Home\",\"item\":\"https:\\\/\\\/collectionimmobiliere.com\\\/\"},{\"@type\":\"ListItem\",\"position\":2,\"name\":\"Merci pour votre confiance\"}]},{\"@type\":\"WebSite\",\"@id\":\"https:\\\/\\\/collectionimmobiliere.com\\\/#website\",\"url\":\"https:\\\/\\\/collectionimmobiliere.com\\\/\",\"name\":\"Collection Immobili\u00e8re\",\"description\":\"L&#039;immobilier simplement expliqu\u00e9\",\"publisher\":{\"@id\":\"https:\\\/\\\/collectionimmobiliere.com\\\/#organization\"},\"potentialAction\":[{\"@type\":\"SearchAction\",\"target\":{\"@type\":\"EntryPoint\",\"urlTemplate\":\"https:\\\/\\\/collectionimmobiliere.com\\\/?s={search_term_string}\"},\"query-input\":{\"@type\":\"PropertyValueSpecification\",\"valueRequired\":true,\"valueName\":\"search_term_string\"}}],\"inLanguage\":\"en-CA\"},{\"@type\":\"Organization\",\"@id\":\"https:\\\/\\\/collectionimmobiliere.com\\\/#organization\",\"name\":\"Collection immobili\u00e8re\",\"url\":\"https:\\\/\\\/collectionimmobiliere.com\\\/\",\"logo\":{\"@type\":\"ImageObject\",\"inLanguage\":\"en-CA\",\"@id\":\"https:\\\/\\\/collectionimmobiliere.com\\\/#\\\/schema\\\/logo\\\/image\\\/\",\"url\":\"https:\\\/\\\/collectionimmobiliere.com\\\/wp-content\\\/uploads\\\/2022\\\/05\\\/Logo.png\",\"contentUrl\":\"https:\\\/\\\/collectionimmobiliere.com\\\/wp-content\\\/uploads\\\/2022\\\/05\\\/Logo.png\",\"width\":150,\"height\":150,\"caption\":\"Collection immobili\u00e8re\"},\"image\":{\"@id\":\"https:\\\/\\\/collectionimmobiliere.com\\\/#\\\/schema\\\/logo\\\/image\\\/\"},\"sameAs\":[\"https:\\\/\\\/www.facebook.com\\\/profile.php?id=61560608204872\",\"https:\\\/\\\/ca.pinterest.com\\\/CollectionImmobiliere\\\/\",\"https:\\\/\\\/www.instagram.com\\\/collectionimmobiliere\\\/\",\"https:\\\/\\\/www.linkedin.com\\\/company\\\/105178697\\\/\"]}]}<\/script>\n<!-- \/ Yoast SEO plugin. -->","yoast_head_json":{"title":"Thank you for your trust - Real Estate Collection","robots":{"index":"index","follow":"follow","max-snippet":"max-snippet:-1","max-image-preview":"max-image-preview:large","max-video-preview":"max-video-preview:-1"},"canonical":"https:\/\/collectionimmobiliere.com\/en\/thank-you-for-your-trust\/","og_locale":"en_US","og_type":"article","og_title":"Merci pour votre confiance - Collection Immobili\u00e8re","og_description":"Merci pour votre confiance!\u00a0 On communiquera avec toi rapidement! \ud83d\udcec Ce qui se passe maintenant : On te contact dans les 24 \u00e0 48 heures pour discuter de ton projet et t&rsquo;accompagner dans les prochaines \u00e9tapes. En attendant, garde un \u0153il sur ta bo\u00eete courriel (et tes courriels ind\u00e9sirables, au cas o\u00f9!). \u00c0 tr\u00e8s bient\u00f4t!","og_url":"https:\/\/collectionimmobiliere.com\/en\/thank-you-for-your-trust\/","og_site_name":"Collection Immobili\u00e8re","article_publisher":"https:\/\/www.facebook.com\/profile.php?id=61560608204872","article_modified_time":"2026-01-06T17:54:05+00:00","twitter_card":"summary_large_image","twitter_misc":{"Est. reading time":"1 minute"},"schema":{"@context":"https:\/\/schema.org","@graph":[{"@type":"WebPage","@id":"https:\/\/collectionimmobiliere.com\/merci-pour-votre-confiance\/","url":"https:\/\/collectionimmobiliere.com\/merci-pour-votre-confiance\/","name":"Thank you for your trust - Real Estate Collection","isPartOf":{"@id":"https:\/\/collectionimmobiliere.com\/#website"},"datePublished":"2025-05-04T12:39:34+00:00","dateModified":"2026-01-06T17:54:05+00:00","breadcrumb":{"@id":"https:\/\/collectionimmobiliere.com\/merci-pour-votre-confiance\/#breadcrumb"},"inLanguage":"en-CA","potentialAction":[{"@type":"ReadAction","target":["https:\/\/collectionimmobiliere.com\/merci-pour-votre-confiance\/"]}]},{"@type":"BreadcrumbList","@id":"https:\/\/collectionimmobiliere.com\/merci-pour-votre-confiance\/#breadcrumb","itemListElement":[{"@type":"ListItem","position":1,"name":"Home","item":"https:\/\/collectionimmobiliere.com\/"},{"@type":"ListItem","position":2,"name":"Merci pour votre confiance"}]},{"@type":"WebSite","@id":"https:\/\/collectionimmobiliere.com\/#website","url":"https:\/\/collectionimmobiliere.com\/","name":"Collection Immobili\u00e8re","description":"Real Estate Simply Explained","publisher":{"@id":"https:\/\/collectionimmobiliere.com\/#organization"},"potentialAction":[{"@type":"SearchAction","target":{"@type":"EntryPoint","urlTemplate":"https:\/\/collectionimmobiliere.com\/?s={search_term_string}"},"query-input":{"@type":"PropertyValueSpecification","valueRequired":true,"valueName":"search_term_string"}}],"inLanguage":"en-CA"},{"@type":"Organization","@id":"https:\/\/collectionimmobiliere.com\/#organization","name":"Real estate collection","url":"https:\/\/collectionimmobiliere.com\/","logo":{"@type":"ImageObject","inLanguage":"en-CA","@id":"https:\/\/collectionimmobiliere.com\/#\/schema\/logo\/image\/","url":"https:\/\/collectionimmobiliere.com\/wp-content\/uploads\/2022\/05\/Logo.png","contentUrl":"https:\/\/collectionimmobiliere.com\/wp-content\/uploads\/2022\/05\/Logo.png","width":150,"height":150,"caption":"Collection immobili\u00e8re"},"image":{"@id":"https:\/\/collectionimmobiliere.com\/#\/schema\/logo\/image\/"},"sameAs":["https:\/\/www.facebook.com\/profile.php?id=61560608204872","https:\/\/ca.pinterest.com\/CollectionImmobiliere\/","https:\/\/www.instagram.com\/collectionimmobiliere\/","https:\/\/www.linkedin.com\/company\/105178697\/"]}]}},"_links":{"self":[{"href":"https:\/\/collectionimmobiliere.com\/en\/wp-json\/wp\/v2\/pages\/14317","targetHints":{"allow":["GET"]}}],"collection":[{"href":"https:\/\/collectionimmobiliere.com\/en\/wp-json\/wp\/v2\/pages"}],"about":[{"href":"https:\/\/collectionimmobiliere.com\/en\/wp-json\/wp\/v2\/types\/page"}],"author":[{"embeddable":true,"href":"https:\/\/collectionimmobiliere.com\/en\/wp-json\/wp\/v2\/users\/1"}],"replies":[{"embeddable":true,"href":"https:\/\/collectionimmobiliere.com\/en\/wp-json\/wp\/v2\/comments?post=14317"}],"version-history":[{"count":0,"href":"https:\/\/collectionimmobiliere.com\/en\/wp-json\/wp\/v2\/pages\/14317\/revisions"}],"wp:attachment":[{"href":"https:\/\/collectionimmobiliere.com\/en\/wp-json\/wp\/v2\/media?parent=14317"}],"curies":[{"name":"wp","href":"https:\/\/api.w.org\/{rel}","templated":true}]}}