{"id":15264,"date":"2025-06-08T08:56:11","date_gmt":"2025-06-08T13:56:11","guid":{"rendered":"https:\/\/collectionimmobiliere.com\/?page_id=15264"},"modified":"2025-06-08T08:57:10","modified_gmt":"2025-06-08T13:57:10","slug":"table-of-free-options","status":"publish","type":"page","link":"https:\/\/collectionimmobiliere.com\/en\/tableau-des-options-gratuit\/","title":{"rendered":"Free options table"},"content":{"rendered":"<div data-elementor-type=\"wp-page\" data-elementor-id=\"15264\" class=\"elementor elementor-15264\" data-elementor-post-type=\"page\">\n\t\t\t\t<div class=\"elementor-element elementor-element-a2daef2 e-con-full elementor-hidden-tablet elementor-hidden-mobile e-flex e-con e-parent\" data-id=\"a2daef2\" data-element_type=\"container\" data-e-type=\"container\" data-settings=\"{&quot;background_background&quot;:&quot;gradient&quot;,&quot;jet_parallax_layout_list&quot;:[],&quot;animation&quot;:&quot;none&quot;,&quot;shape_divider_bottom&quot;:&quot;tilt&quot;}\">\n\t\t\t\t<div class=\"elementor-shape elementor-shape-bottom\" aria-hidden=\"true\" data-negative=\"false\">\n\t\t\t<svg xmlns=\"http:\/\/www.w3.org\/2000\/svg\" viewbox=\"0 0 1000 100\" preserveaspectratio=\"none\">\n\t<path class=\"elementor-shape-fill\" d=\"M0,6V0h1000v100L0,6z\"\/>\n<\/svg>\t\t<\/div>\n\t\t<div class=\"elementor-element elementor-element-3f394e5 e-con-full e-flex e-con e-child\" data-id=\"3f394e5\" data-element_type=\"container\" data-e-type=\"container\" data-settings=\"{&quot;jet_parallax_layout_list&quot;:[]}\">\n\t\t\t\t<div class=\"elementor-element elementor-element-7ae91c0 elementor-widget elementor-widget-spacer\" data-id=\"7ae91c0\" data-element_type=\"widget\" data-e-type=\"widget\" data-widget_type=\"spacer.default\">\n\t\t\t\t\t\t\t<div class=\"elementor-spacer\">\n\t\t\t<div class=\"elementor-spacer-inner\"><\/div>\n\t\t<\/div>\n\t\t\t\t\t\t<\/div>\n\t\t\t\t<div class=\"elementor-element elementor-element-381a234 elementor-widget elementor-widget-heading\" data-id=\"381a234\" data-element_type=\"widget\" data-e-type=\"widget\" data-widget_type=\"heading.default\">\n\t\t\t\t\t<h2 class=\"elementor-heading-title elementor-size-default\">Compare manufacturers<\/h2>\t\t\t\t<\/div>\n\t\t\t\t<div class=\"elementor-element elementor-element-0903f21 elementor-widget elementor-widget-spacer\" data-id=\"0903f21\" data-element_type=\"widget\" data-e-type=\"widget\" data-widget_type=\"spacer.default\">\n\t\t\t\t\t\t\t<div class=\"elementor-spacer\">\n\t\t\t<div class=\"elementor-spacer-inner\"><\/div>\n\t\t<\/div>\n\t\t\t\t\t\t<\/div>\n\t\t\t\t<div class=\"elementor-element elementor-element-f686918 elementor-widget elementor-widget-text-editor\" data-id=\"f686918\" data-element_type=\"widget\" data-e-type=\"widget\" data-widget_type=\"text-editor.default\">\n\t\t\t\t\t\t\t\t\t<p>By filling out the form you will receive a PDF file by email \ud83d\udc49<\/p>\t\t\t\t\t\t\t\t<\/div>\n\t\t\t\t<div class=\"elementor-element elementor-element-3f25518 elementor-widget elementor-widget-spacer\" data-id=\"3f25518\" data-element_type=\"widget\" data-e-type=\"widget\" data-widget_type=\"spacer.default\">\n\t\t\t\t\t\t\t<div class=\"elementor-spacer\">\n\t\t\t<div class=\"elementor-spacer-inner\"><\/div>\n\t\t<\/div>\n\t\t\t\t\t\t<\/div>\n\t\t\t\t<div class=\"elementor-element elementor-element-68bbaf4 elementor-widget-divider--view-line elementor-widget elementor-widget-divider\" data-id=\"68bbaf4\" data-element_type=\"widget\" data-e-type=\"widget\" data-widget_type=\"divider.default\">\n\t\t\t\t\t\t\t<div class=\"elementor-divider\">\n\t\t\t<span class=\"elementor-divider-separator\">\n\t\t\t\t\t\t<\/span>\n\t\t<\/div>\n\t\t\t\t\t\t<\/div>\n\t\t\t\t<div class=\"elementor-element elementor-element-d198e30 elementor-widget elementor-widget-spacer\" data-id=\"d198e30\" data-element_type=\"widget\" data-e-type=\"widget\" data-widget_type=\"spacer.default\">\n\t\t\t\t\t\t\t<div class=\"elementor-spacer\">\n\t\t\t<div class=\"elementor-spacer-inner\"><\/div>\n\t\t<\/div>\n\t\t\t\t\t\t<\/div>\n\t\t\t\t<div class=\"elementor-element elementor-element-427acbf elementor-widget elementor-widget-text-editor\" data-id=\"427acbf\" data-element_type=\"widget\" data-e-type=\"widget\" data-widget_type=\"text-editor.default\">\n\t\t\t\t\t\t\t\t\t<p>This PDF allows you to compare the inclusions and exclusions of several prefabricated property providers. You&#039;ll know exactly which ones meet your needs, making it easier to budget for your project.<\/p>\t\t\t\t\t\t\t\t<\/div>\n\t\t\t\t<div class=\"elementor-element elementor-element-409193a elementor-widget elementor-widget-spacer\" data-id=\"409193a\" data-element_type=\"widget\" data-e-type=\"widget\" data-widget_type=\"spacer.default\">\n\t\t\t\t\t\t\t<div class=\"elementor-spacer\">\n\t\t\t<div class=\"elementor-spacer-inner\"><\/div>\n\t\t<\/div>\n\t\t\t\t\t\t<\/div>\n\t\t\t\t<div class=\"elementor-element elementor-element-ba45a32 elementor-widget elementor-widget-spacer\" data-id=\"ba45a32\" data-element_type=\"widget\" data-e-type=\"widget\" data-widget_type=\"spacer.default\">\n\t\t\t\t\t\t\t<div class=\"elementor-spacer\">\n\t\t\t<div class=\"elementor-spacer-inner\"><\/div>\n\t\t<\/div>\n\t\t\t\t\t\t<\/div>\n\t\t\t\t<\/div>\n\t\t<div class=\"elementor-element elementor-element-26c58ea e-flex e-con-boxed e-con e-child\" data-id=\"26c58ea\" data-element_type=\"container\" data-e-type=\"container\" data-settings=\"{&quot;jet_parallax_layout_list&quot;:[]}\">\n\t\t\t\t\t<div class=\"e-con-inner\">\n\t\t\t\t<div class=\"elementor-element elementor-element-cb0712a elementor-widget__width-inherit elementor-widget elementor-widget-shortcode\" data-id=\"cb0712a\" data-element_type=\"widget\" data-e-type=\"widget\" data-widget_type=\"shortcode.default\">\n\t\t\t\t\t\t\t<div class=\"elementor-shortcode\">\t\t<div data-elementor-type=\"container\" data-elementor-id=\"15268\" class=\"elementor elementor-15268\" data-elementor-post-type=\"elementor_library\">\n\t\t\t\t<div class=\"elementor-element elementor-element-8e3c7a1 e-con-full e-flex e-con e-parent\" data-id=\"8e3c7a1\" data-element_type=\"container\" data-e-type=\"container\" data-settings=\"{&quot;jet_parallax_layout_list&quot;:[]}\">\n\t\t\t\t<div class=\"elementor-element elementor-element-94b8c31 elementor-widget elementor-widget-html\" data-id=\"94b8c31\" data-element_type=\"widget\" data-e-type=\"widget\" data-widget_type=\"html.default\">\n\t\t\t\t\t<iframe height=\"900px\" width=\"100%\" frameborder=\"0\" allow=\"geolocation;microphone;camera\" src=\"https:\/\/zfrmz.ca\/iAy20Z2aWKzj6rkSqSUx?parameter=value\"> <\/iframe>\t\t\t\t<\/div>\n\t\t\t\t<\/div>\n\t\t\t\t<\/div>\n\t\t<\/div>\n\t\t\t\t\t\t<\/div>\n\t\t\t\t\t<\/div>\n\t\t\t\t<\/div>\n\t\t\t\t<\/div>\n\t\t<div class=\"elementor-element elementor-element-b86ecba e-con-full elementor-hidden-desktop e-flex e-con e-parent\" data-id=\"b86ecba\" data-element_type=\"container\" data-e-type=\"container\" data-settings=\"{&quot;background_background&quot;:&quot;gradient&quot;,&quot;jet_parallax_layout_list&quot;:[],&quot;animation&quot;:&quot;none&quot;}\">\n\t\t<div class=\"elementor-element elementor-element-92065bf e-con-full e-flex e-con e-child\" data-id=\"92065bf\" data-element_type=\"container\" data-e-type=\"container\" data-settings=\"{&quot;jet_parallax_layout_list&quot;:[]}\">\n\t\t\t\t<div class=\"elementor-element elementor-element-32d3203 elementor-widget elementor-widget-heading\" data-id=\"32d3203\" data-element_type=\"widget\" data-e-type=\"widget\" data-widget_type=\"heading.default\">\n\t\t\t\t\t<h2 class=\"elementor-heading-title elementor-size-default\">Compare manufacturers<\/h2>\t\t\t\t<\/div>\n\t\t\t\t<div class=\"elementor-element elementor-element-ffbf6eb elementor-widget-divider--view-line elementor-widget elementor-widget-divider\" data-id=\"ffbf6eb\" data-element_type=\"widget\" data-e-type=\"widget\" data-widget_type=\"divider.default\">\n\t\t\t\t\t\t\t<div class=\"elementor-divider\">\n\t\t\t<span class=\"elementor-divider-separator\">\n\t\t\t\t\t\t<\/span>\n\t\t<\/div>\n\t\t\t\t\t\t<\/div>\n\t\t\t\t<div class=\"elementor-element elementor-element-db4a242 elementor-widget elementor-widget-text-editor\" data-id=\"db4a242\" data-element_type=\"widget\" data-e-type=\"widget\" data-widget_type=\"text-editor.default\">\n\t\t\t\t\t\t\t\t\t<p>By filling out the form you will receive a PDF file by email<\/p>\t\t\t\t\t\t\t\t<\/div>\n\t\t\t\t<div class=\"elementor-element elementor-element-4966e2d elementor-widget elementor-widget-spacer\" data-id=\"4966e2d\" data-element_type=\"widget\" data-e-type=\"widget\" data-widget_type=\"spacer.default\">\n\t\t\t\t\t\t\t<div class=\"elementor-spacer\">\n\t\t\t<div class=\"elementor-spacer-inner\"><\/div>\n\t\t<\/div>\n\t\t\t\t\t\t<\/div>\n\t\t\t\t<div class=\"elementor-element elementor-element-3f6b595 elementor-widget__width-inherit elementor-widget elementor-widget-shortcode\" data-id=\"3f6b595\" data-element_type=\"widget\" data-e-type=\"widget\" data-widget_type=\"shortcode.default\">\n\t\t\t\t\t\t\t<div class=\"elementor-shortcode\">\t\t<div data-elementor-type=\"container\" data-elementor-id=\"15270\" class=\"elementor elementor-15270\" data-elementor-post-type=\"elementor_library\">\n\t\t\t\t<div class=\"elementor-element elementor-element-8e3c7a1 e-con-full e-flex e-con e-parent\" data-id=\"8e3c7a1\" data-element_type=\"container\" data-e-type=\"container\" data-settings=\"{&quot;jet_parallax_layout_list&quot;:[]}\">\n\t\t\t\t<div class=\"elementor-element elementor-element-94b8c31 elementor-widget elementor-widget-html\" data-id=\"94b8c31\" data-element_type=\"widget\" data-e-type=\"widget\" data-widget_type=\"html.default\">\n\t\t\t\t\t<iframe height=\"900px\" width=\"100%\" frameborder=\"0\" allow=\"geolocation;microphone;camera\" src=\"https:\/\/zfrmz.ca\/iAy20Z2aWKzj6rkSqSUx?parameter=value\"> <\/iframe>\t\t\t\t<\/div>\n\t\t\t\t<\/div>\n\t\t\t\t<\/div>\n\t\t<\/div>\n\t\t\t\t\t\t<\/div>\n\t\t\t\t<div class=\"elementor-element elementor-element-e7a8e52 elementor-widget elementor-widget-text-editor\" data-id=\"e7a8e52\" data-element_type=\"widget\" data-e-type=\"widget\" data-widget_type=\"text-editor.default\">\n\t\t\t\t\t\t\t\t\t<p>This PDF allows you to compare the inclusions and exclusions of several prefabricated property providers. You&#039;ll know exactly which ones meet your needs, making it easier to budget for your project.<\/p>\t\t\t\t\t\t\t\t<\/div>\n\t\t\t\t<div class=\"elementor-element elementor-element-23fc37f elementor-widget elementor-widget-spacer\" data-id=\"23fc37f\" data-element_type=\"widget\" data-e-type=\"widget\" data-widget_type=\"spacer.default\">\n\t\t\t\t\t\t\t<div class=\"elementor-spacer\">\n\t\t\t<div class=\"elementor-spacer-inner\"><\/div>\n\t\t<\/div>\n\t\t\t\t\t\t<\/div>\n\t\t\t\t<div class=\"elementor-element elementor-element-c4aa207 elementor-widget elementor-widget-spacer\" data-id=\"c4aa207\" data-element_type=\"widget\" data-e-type=\"widget\" data-widget_type=\"spacer.default\">\n\t\t\t\t\t\t\t<div class=\"elementor-spacer\">\n\t\t\t<div class=\"elementor-spacer-inner\"><\/div>\n\t\t<\/div>\n\t\t\t\t\t\t<\/div>\n\t\t\t\t<\/div>\n\t\t\t\t<\/div>\n\t\t\t\t<\/div>","protected":false},"excerpt":{"rendered":"<p>Compare les fabricants En remplissant le formulaire vous receverez un fichier PDF par courriel\u00a0\ud83d\udc49 Ce PDF vous permet de comparer les inclusions et exclusions de plusieurs fournisseurs de propri\u00e9t\u00e9s pr\u00e9fabriqu\u00e9es. Vous saurez exactement lesquels r\u00e9pondent \u00e0 vos besoins, ce qui facilitera la budg\u00e9tisation de votre projet. Compare les fabricants En remplissant le formulaire vous receverez [&hellip;]<\/p>\n","protected":false},"author":1,"featured_media":0,"parent":0,"menu_order":0,"comment_status":"closed","ping_status":"closed","template":"elementor_header_footer","meta":{"footnotes":""},"class_list":["post-15264","page","type-page","status-publish","hentry"],"yoast_head":"<!-- This site is optimized with the Yoast SEO plugin v27.5 - https:\/\/yoast.com\/product\/yoast-seo-wordpress\/ -->\n<title>Tableau des options gratuit - Collection Immobili\u00e8re<\/title>\n<meta name=\"robots\" content=\"index, follow, max-snippet:-1, max-image-preview:large, max-video-preview:-1\" \/>\n<link rel=\"canonical\" href=\"https:\/\/collectionimmobiliere.com\/en\/table-of-free-options\/\" \/>\n<meta property=\"og:locale\" content=\"en_US\" \/>\n<meta property=\"og:type\" content=\"article\" \/>\n<meta property=\"og:title\" content=\"Tableau des options gratuit - Collection Immobili\u00e8re\" \/>\n<meta property=\"og:description\" content=\"Compare les fabricants En remplissant le formulaire vous receverez un fichier PDF par courriel\u00a0\ud83d\udc49 Ce PDF vous permet de comparer les inclusions et exclusions de plusieurs fournisseurs de propri\u00e9t\u00e9s pr\u00e9fabriqu\u00e9es. Vous saurez exactement lesquels r\u00e9pondent \u00e0 vos besoins, ce qui facilitera la budg\u00e9tisation de votre projet. Compare les fabricants En remplissant le formulaire vous receverez [&hellip;]\" \/>\n<meta property=\"og:url\" content=\"https:\/\/collectionimmobiliere.com\/en\/table-of-free-options\/\" \/>\n<meta property=\"og:site_name\" content=\"Collection Immobili\u00e8re\" \/>\n<meta property=\"article:publisher\" content=\"https:\/\/www.facebook.com\/profile.php?id=61560608204872\" \/>\n<meta property=\"article:modified_time\" content=\"2025-06-08T13:57:10+00:00\" \/>\n<meta name=\"twitter:card\" content=\"summary_large_image\" \/>\n<meta name=\"twitter:label1\" content=\"Est. reading time\" \/>\n\t<meta name=\"twitter:data1\" content=\"1 minute\" \/>\n<script type=\"application\/ld+json\" class=\"yoast-schema-graph\">{\"@context\":\"https:\\\/\\\/schema.org\",\"@graph\":[{\"@type\":\"WebPage\",\"@id\":\"https:\\\/\\\/collectionimmobiliere.com\\\/tableau-des-options-gratuit\\\/\",\"url\":\"https:\\\/\\\/collectionimmobiliere.com\\\/tableau-des-options-gratuit\\\/\",\"name\":\"Tableau des options gratuit - Collection Immobili\u00e8re\",\"isPartOf\":{\"@id\":\"https:\\\/\\\/collectionimmobiliere.com\\\/#website\"},\"datePublished\":\"2025-06-08T13:56:11+00:00\",\"dateModified\":\"2025-06-08T13:57:10+00:00\",\"breadcrumb\":{\"@id\":\"https:\\\/\\\/collectionimmobiliere.com\\\/tableau-des-options-gratuit\\\/#breadcrumb\"},\"inLanguage\":\"en-CA\",\"potentialAction\":[{\"@type\":\"ReadAction\",\"target\":[\"https:\\\/\\\/collectionimmobiliere.com\\\/tableau-des-options-gratuit\\\/\"]}]},{\"@type\":\"BreadcrumbList\",\"@id\":\"https:\\\/\\\/collectionimmobiliere.com\\\/tableau-des-options-gratuit\\\/#breadcrumb\",\"itemListElement\":[{\"@type\":\"ListItem\",\"position\":1,\"name\":\"Home\",\"item\":\"https:\\\/\\\/collectionimmobiliere.com\\\/\"},{\"@type\":\"ListItem\",\"position\":2,\"name\":\"Tableau des options gratuit\"}]},{\"@type\":\"WebSite\",\"@id\":\"https:\\\/\\\/collectionimmobiliere.com\\\/#website\",\"url\":\"https:\\\/\\\/collectionimmobiliere.com\\\/\",\"name\":\"Collection Immobili\u00e8re\",\"description\":\"L&#039;immobilier simplement expliqu\u00e9\",\"publisher\":{\"@id\":\"https:\\\/\\\/collectionimmobiliere.com\\\/#organization\"},\"potentialAction\":[{\"@type\":\"SearchAction\",\"target\":{\"@type\":\"EntryPoint\",\"urlTemplate\":\"https:\\\/\\\/collectionimmobiliere.com\\\/?s={search_term_string}\"},\"query-input\":{\"@type\":\"PropertyValueSpecification\",\"valueRequired\":true,\"valueName\":\"search_term_string\"}}],\"inLanguage\":\"en-CA\"},{\"@type\":\"Organization\",\"@id\":\"https:\\\/\\\/collectionimmobiliere.com\\\/#organization\",\"name\":\"Collection immobili\u00e8re\",\"url\":\"https:\\\/\\\/collectionimmobiliere.com\\\/\",\"logo\":{\"@type\":\"ImageObject\",\"inLanguage\":\"en-CA\",\"@id\":\"https:\\\/\\\/collectionimmobiliere.com\\\/#\\\/schema\\\/logo\\\/image\\\/\",\"url\":\"https:\\\/\\\/collectionimmobiliere.com\\\/wp-content\\\/uploads\\\/2022\\\/05\\\/Logo.png\",\"contentUrl\":\"https:\\\/\\\/collectionimmobiliere.com\\\/wp-content\\\/uploads\\\/2022\\\/05\\\/Logo.png\",\"width\":150,\"height\":150,\"caption\":\"Collection immobili\u00e8re\"},\"image\":{\"@id\":\"https:\\\/\\\/collectionimmobiliere.com\\\/#\\\/schema\\\/logo\\\/image\\\/\"},\"sameAs\":[\"https:\\\/\\\/www.facebook.com\\\/profile.php?id=61560608204872\",\"https:\\\/\\\/ca.pinterest.com\\\/CollectionImmobiliere\\\/\",\"https:\\\/\\\/www.instagram.com\\\/collectionimmobiliere\\\/\",\"https:\\\/\\\/www.linkedin.com\\\/company\\\/105178697\\\/\"]}]}<\/script>\n<!-- \/ Yoast SEO plugin. -->","yoast_head_json":{"title":"Free Options Table - Real Estate Collection","robots":{"index":"index","follow":"follow","max-snippet":"max-snippet:-1","max-image-preview":"max-image-preview:large","max-video-preview":"max-video-preview:-1"},"canonical":"https:\/\/collectionimmobiliere.com\/en\/table-of-free-options\/","og_locale":"en_US","og_type":"article","og_title":"Tableau des options gratuit - Collection Immobili\u00e8re","og_description":"Compare les fabricants En remplissant le formulaire vous receverez un fichier PDF par courriel\u00a0\ud83d\udc49 Ce PDF vous permet de comparer les inclusions et exclusions de plusieurs fournisseurs de propri\u00e9t\u00e9s pr\u00e9fabriqu\u00e9es. Vous saurez exactement lesquels r\u00e9pondent \u00e0 vos besoins, ce qui facilitera la budg\u00e9tisation de votre projet. Compare les fabricants En remplissant le formulaire vous receverez [&hellip;]","og_url":"https:\/\/collectionimmobiliere.com\/en\/table-of-free-options\/","og_site_name":"Collection Immobili\u00e8re","article_publisher":"https:\/\/www.facebook.com\/profile.php?id=61560608204872","article_modified_time":"2025-06-08T13:57:10+00:00","twitter_card":"summary_large_image","twitter_misc":{"Est. reading time":"1 minute"},"schema":{"@context":"https:\/\/schema.org","@graph":[{"@type":"WebPage","@id":"https:\/\/collectionimmobiliere.com\/tableau-des-options-gratuit\/","url":"https:\/\/collectionimmobiliere.com\/tableau-des-options-gratuit\/","name":"Free Options Table - Real Estate Collection","isPartOf":{"@id":"https:\/\/collectionimmobiliere.com\/#website"},"datePublished":"2025-06-08T13:56:11+00:00","dateModified":"2025-06-08T13:57:10+00:00","breadcrumb":{"@id":"https:\/\/collectionimmobiliere.com\/tableau-des-options-gratuit\/#breadcrumb"},"inLanguage":"en-CA","potentialAction":[{"@type":"ReadAction","target":["https:\/\/collectionimmobiliere.com\/tableau-des-options-gratuit\/"]}]},{"@type":"BreadcrumbList","@id":"https:\/\/collectionimmobiliere.com\/tableau-des-options-gratuit\/#breadcrumb","itemListElement":[{"@type":"ListItem","position":1,"name":"Home","item":"https:\/\/collectionimmobiliere.com\/"},{"@type":"ListItem","position":2,"name":"Tableau des options gratuit"}]},{"@type":"WebSite","@id":"https:\/\/collectionimmobiliere.com\/#website","url":"https:\/\/collectionimmobiliere.com\/","name":"Collection Immobili\u00e8re","description":"Real Estate Simply Explained","publisher":{"@id":"https:\/\/collectionimmobiliere.com\/#organization"},"potentialAction":[{"@type":"SearchAction","target":{"@type":"EntryPoint","urlTemplate":"https:\/\/collectionimmobiliere.com\/?s={search_term_string}"},"query-input":{"@type":"PropertyValueSpecification","valueRequired":true,"valueName":"search_term_string"}}],"inLanguage":"en-CA"},{"@type":"Organization","@id":"https:\/\/collectionimmobiliere.com\/#organization","name":"Real estate collection","url":"https:\/\/collectionimmobiliere.com\/","logo":{"@type":"ImageObject","inLanguage":"en-CA","@id":"https:\/\/collectionimmobiliere.com\/#\/schema\/logo\/image\/","url":"https:\/\/collectionimmobiliere.com\/wp-content\/uploads\/2022\/05\/Logo.png","contentUrl":"https:\/\/collectionimmobiliere.com\/wp-content\/uploads\/2022\/05\/Logo.png","width":150,"height":150,"caption":"Collection immobili\u00e8re"},"image":{"@id":"https:\/\/collectionimmobiliere.com\/#\/schema\/logo\/image\/"},"sameAs":["https:\/\/www.facebook.com\/profile.php?id=61560608204872","https:\/\/ca.pinterest.com\/CollectionImmobiliere\/","https:\/\/www.instagram.com\/collectionimmobiliere\/","https:\/\/www.linkedin.com\/company\/105178697\/"]}]}},"_links":{"self":[{"href":"https:\/\/collectionimmobiliere.com\/en\/wp-json\/wp\/v2\/pages\/15264","targetHints":{"allow":["GET"]}}],"collection":[{"href":"https:\/\/collectionimmobiliere.com\/en\/wp-json\/wp\/v2\/pages"}],"about":[{"href":"https:\/\/collectionimmobiliere.com\/en\/wp-json\/wp\/v2\/types\/page"}],"author":[{"embeddable":true,"href":"https:\/\/collectionimmobiliere.com\/en\/wp-json\/wp\/v2\/users\/1"}],"replies":[{"embeddable":true,"href":"https:\/\/collectionimmobiliere.com\/en\/wp-json\/wp\/v2\/comments?post=15264"}],"version-history":[{"count":0,"href":"https:\/\/collectionimmobiliere.com\/en\/wp-json\/wp\/v2\/pages\/15264\/revisions"}],"wp:attachment":[{"href":"https:\/\/collectionimmobiliere.com\/en\/wp-json\/wp\/v2\/media?parent=15264"}],"curies":[{"name":"wp","href":"https:\/\/api.w.org\/{rel}","templated":true}]}}